{"id":1627,"date":"2019-11-29T15:42:34","date_gmt":"2019-11-29T20:42:34","guid":{"rendered":"https:\/\/fondationlatraversee.com\/dre-louise-lambert\/"},"modified":"2022-08-17T22:22:16","modified_gmt":"2022-08-18T02:22:16","slug":"dr-louise-lambert","status":"publish","type":"page","link":"https:\/\/fondationlatraversee.com\/en\/dr-louise-lambert\/","title":{"rendered":"Dr Louise Lambert"},"content":{"rendered":"\t\t<div data-elementor-type=\"wp-page\" data-elementor-id=\"1627\" class=\"elementor elementor-1627 elementor-942\" data-elementor-post-type=\"page\">\n\t\t\t\t\t\t<section class=\"elementor-section elementor-top-section elementor-element elementor-element-ce5bc0c elementor-section-boxed elementor-section-height-default elementor-section-height-default\" data-id=\"ce5bc0c\" data-element_type=\"section\">\n\t\t\t\t\t\t<div class=\"elementor-container elementor-column-gap-default\">\n\t\t\t\t\t<div class=\"elementor-column elementor-col-33 elementor-top-column elementor-element elementor-element-d2972a2\" data-id=\"d2972a2\" data-element_type=\"column\">\n\t\t\t<div class=\"elementor-widget-wrap elementor-element-populated\">\n\t\t\t\t\t\t<div class=\"elementor-element elementor-element-006fec7 elementor-widget elementor-widget-image\" data-id=\"006fec7\" data-element_type=\"widget\" data-widget_type=\"image.default\">\n\t\t\t\t<div class=\"elementor-widget-container\">\n\t\t\t\t\t\t\t\t\t\t\t\t\t\t\t<img fetchpriority=\"high\" decoding=\"async\" width=\"2560\" height=\"2560\" src=\"https:\/\/fondationlatraversee.com\/wp-content\/uploads\/2019\/11\/louiseLambert-scaled.jpg\" class=\"attachment-full size-full wp-image-945\" alt=\"\" srcset=\"https:\/\/fondationlatraversee.com\/wp-content\/uploads\/2019\/11\/louiseLambert-scaled.jpg 2560w, https:\/\/fondationlatraversee.com\/wp-content\/uploads\/2019\/11\/louiseLambert-300x300.jpg 300w, https:\/\/fondationlatraversee.com\/wp-content\/uploads\/2019\/11\/louiseLambert-scaled-100x100.jpg 100w, https:\/\/fondationlatraversee.com\/wp-content\/uploads\/2019\/11\/louiseLambert-scaled-600x600.jpg 600w, https:\/\/fondationlatraversee.com\/wp-content\/uploads\/2019\/11\/louiseLambert-1024x1024.jpg 1024w, https:\/\/fondationlatraversee.com\/wp-content\/uploads\/2019\/11\/louiseLambert-150x150.jpg 150w, https:\/\/fondationlatraversee.com\/wp-content\/uploads\/2019\/11\/louiseLambert-768x768.jpg 768w, https:\/\/fondationlatraversee.com\/wp-content\/uploads\/2019\/11\/louiseLambert-1536x1536.jpg 1536w, https:\/\/fondationlatraversee.com\/wp-content\/uploads\/2019\/11\/louiseLambert-2048x2048.jpg 2048w, https:\/\/fondationlatraversee.com\/wp-content\/uploads\/2019\/11\/louiseLambert-189x189.jpg 189w\" sizes=\"(max-width: 2560px) 100vw, 2560px\" \/>\t\t\t\t\t\t\t\t\t\t\t\t\t\t\t<\/div>\n\t\t\t\t<\/div>\n\t\t\t\t\t<\/div>\n\t\t<\/div>\n\t\t\t\t<div class=\"elementor-column elementor-col-66 elementor-top-column elementor-element elementor-element-7ca94f9\" data-id=\"7ca94f9\" data-element_type=\"column\">\n\t\t\t<div class=\"elementor-widget-wrap elementor-element-populated\">\n\t\t\t\t\t\t<div class=\"elementor-element elementor-element-f5e3f68 elementor-widget elementor-widget-text-editor\" data-id=\"f5e3f68\" data-element_type=\"widget\" data-widget_type=\"text-editor.default\">\n\t\t\t\t<div class=\"elementor-widget-container\">\n\t\t\t\t\t\t\t\t\t<p>Dr. Louise Lambert is a physician in the Radiation Oncology Department at the Centre Int\u00e9gr\u00e9 de Canc\u00e9rologie de Laval and Clinical Associate Professor in the Department of Radiology, Radiation Oncology and Nuclear Medicine at the University of Montreal. Previous to that, she worked for 9 years at the Centre Hospitalier de l&#8217;Universit\u00e9 de Montr\u00e9al (CHUM).<\/p><p>Dr. Lambert sees the Maison La Travers\u00e9e project as a way of offering a dignified end of life that aligns with her values and beliefs.<br \/>\u201cMedicine is sometimes healing, often relieving, always consoling.\u201d \u2013 Ambroise Par\u00e9 (1510-1590) French Surgeon<\/p>\t\t\t\t\t\t\t\t<\/div>\n\t\t\t\t<\/div>\n\t\t\t\t\t<\/div>\n\t\t<\/div>\n\t\t\t\t\t<\/div>\n\t\t<\/section>\n\t\t\t\t<\/div>\n\t\t","protected":false},"excerpt":{"rendered":"<p>Dr. Louise Lambert is a physician in the Radiation Oncology Department at the Centre Int\u00e9gr\u00e9 de Canc\u00e9rologie de Laval and Clinical Associate Professor in the Department of Radiology, Radiation Oncology and Nuclear Medicine at the University of Montreal. Previous to that, she worked for 9 years at the Centre Hospitalier de l&#8217;Universit\u00e9 de Montr\u00e9al (CHUM)&#8230;.<\/p>\n","protected":false},"author":10,"featured_media":0,"parent":0,"menu_order":40,"comment_status":"closed","ping_status":"closed","template":"full-width-page.php","meta":{"footnotes":""},"class_list":["post-1627","page","type-page","status-publish","hentry"],"aioseo_notices":[],"_links":{"self":[{"href":"https:\/\/fondationlatraversee.com\/en\/wp-json\/wp\/v2\/pages\/1627","targetHints":{"allow":["GET"]}}],"collection":[{"href":"https:\/\/fondationlatraversee.com\/en\/wp-json\/wp\/v2\/pages"}],"about":[{"href":"https:\/\/fondationlatraversee.com\/en\/wp-json\/wp\/v2\/types\/page"}],"author":[{"embeddable":true,"href":"https:\/\/fondationlatraversee.com\/en\/wp-json\/wp\/v2\/users\/10"}],"replies":[{"embeddable":true,"href":"https:\/\/fondationlatraversee.com\/en\/wp-json\/wp\/v2\/comments?post=1627"}],"version-history":[{"count":8,"href":"https:\/\/fondationlatraversee.com\/en\/wp-json\/wp\/v2\/pages\/1627\/revisions"}],"predecessor-version":[{"id":7941,"href":"https:\/\/fondationlatraversee.com\/en\/wp-json\/wp\/v2\/pages\/1627\/revisions\/7941"}],"wp:attachment":[{"href":"https:\/\/fondationlatraversee.com\/en\/wp-json\/wp\/v2\/media?parent=1627"}],"curies":[{"name":"wp","href":"https:\/\/api.w.org\/{rel}","templated":true}]}}